{"id":86,"date":"2024-04-25T10:54:25","date_gmt":"2024-04-25T10:54:25","guid":{"rendered":"https:\/\/talinvers.com\/?page_id=86"},"modified":"2024-04-25T10:58:17","modified_gmt":"2024-04-25T10:58:17","slug":"politica-de-accesibilidad","status":"publish","type":"page","link":"https:\/\/talinvers.com\/index.php\/politica-de-accesibilidad\/","title":{"rendered":"Pol\u00edtica de Accesibilidad"},"content":{"rendered":"\t\t<div data-elementor-type=\"wp-page\" data-elementor-id=\"86\" class=\"elementor elementor-86\">\n\t\t\t\t<div class=\"elementor-element elementor-element-c10ed8f e-flex e-con-boxed e-con e-parent\" data-id=\"c10ed8f\" data-element_type=\"container\">\n\t\t\t\t\t<div class=\"e-con-inner\">\n\t\t\t\t<div class=\"elementor-element elementor-element-16b2606 elementor-widget elementor-widget-text-editor\" data-id=\"16b2606\" data-element_type=\"widget\" data-widget_type=\"text-editor.default\">\n\t\t\t\t<div class=\"elementor-widget-container\">\n\t\t\t\t\t\t\t\t\t<p>La empresa TALINVERS se ha comprometido a hacer accesible su sitio web de conformidad con el Real Decreto 1112\/2018, de 7 de septiembre, sobre accesibilidad de los sitios web y aplicaciones para dispositivos m\u00f3viles del sector p\u00fablico, o desarrollos financiados desde Europa.<br \/><br \/>La presente declaraci\u00f3n de accesibilidad se aplica al sitio web https:\/\/talinvers.es excluyendo los contenidos incrustados provenientes de otros dominios.<br \/><br \/><strong>Situaci\u00f3n de cumplimiento<\/strong><br \/><br \/>Este sitio web es Parcialmente conforme con el RD 1112\/2018 debido a la falta de conformidad de los aspectos que se indican a continuaci\u00f3n.<br \/><br \/><strong>Contenido no accesible<\/strong><br \/><br \/>El contenido que se recoge a continuaci\u00f3n no es accesible por los siguientes motivos:<br \/><br \/><strong>Falta de conformidad:<\/strong><br \/><br \/>Pueden existir algunas im\u00e1genes cuya alternativa no est\u00e9 implementada o no sea correcta &#8211; \u2013 Requisito 9.1.1.1 Contenido no textual UNE-EN 301549:2022<br \/>En los formularios, puede haber campos que no se hayan facilitado su rellenado a trav\u00e9s de sistemas autom\u00e1ticos \u2013 Requisito 9.1.3.5 Identificar el prop\u00f3sito de la entrada UNE-EN 301549:2022<br \/>Podr\u00edan existir fallos puntuales de edici\u00f3n en alguna p\u00e1gina web.<br \/>Carga desproporcionada: No resulta aplicable.<br \/>El contenido no entra dentro del \u00e1mbito de la legislaci\u00f3n aplicable.<br \/>Podr\u00edan existir archivos ofim\u00e1ticos en PDF u otros formatos publicados antes del 20 de septiembre de 2018 que no cumplan en su totalidad todos los requisitos de accesibilidad.<br \/>Puede haber contenidos de terceros que no est\u00e9n desarrollados en esta Unidad, ni bajo su control, como archivos ofim\u00e1ticos de diferentes organismos que deban publicarse en este sitio.<\/p><p><strong>Observaciones y datos de contacto<\/strong><br \/><br \/>Puede realizar comunicaciones sobre requisitos de accesibilidad [art\u00edculo 10.2.a) del RD 1112\/2018] como, por ejemplo:<br \/><br \/>Informar sobre cualquier posible incumplimiento por parte de este sitio web.<br \/>Transmitir otras dificultades de acceso al contenido.<br \/>Formular cualquier otra consulta o sugerencia de mejora relativa a la accesibilidad del sitio web a trav\u00e9s del siguiente formulario de contacto o llamando al tel\u00e9fono 925869150 de 10:00 a 14:00 horas de lunes a viernes.<br \/>Puede presentar:<br \/><br \/>Una queja relativa al cumplimiento de los requisitos del RD 1112\/2018<br \/>Una solicitud de informaci\u00f3n accesible relativa a:<br \/>Contenidos que est\u00e1n excluidos del \u00e1mbito de aplicaci\u00f3n del RD 1112\/2018 seg\u00fan lo establecido por el art\u00edculo 3, apartado 4.<br \/>Contenidos que est\u00e1n exentos del cumplimiento de los requisitos de accesibilidad por imponer una carga desproporcionada.<br \/>En la solicitud de informaci\u00f3n accesible, se debe concretar, con toda claridad, los hechos, razones y petici\u00f3n que permitan constatar que se trata de una solicitud razonable y leg\u00edtima.<\/p>\t\t\t\t\t\t\t\t<\/div>\n\t\t\t\t<\/div>\n\t\t\t\t\t<\/div>\n\t\t\t\t<\/div>\n\t\t\t\t<\/div>\n\t\t","protected":false},"excerpt":{"rendered":"<p>La empresa TALINVERS se ha comprometido a hacer accesible su sitio web de conformidad con el Real Decreto 1112\/2018, de 7 de septiembre, sobre accesibilidad de los sitios web y aplicaciones para dispositivos m\u00f3viles del sector p\u00fablico, o desarrollos financiados desde Europa. La presente declaraci\u00f3n de accesibilidad se aplica al sitio web https:\/\/talinvers.es excluyendo los [&hellip;]<\/p>\n","protected":false},"author":1,"featured_media":0,"parent":0,"menu_order":0,"comment_status":"closed","ping_status":"closed","template":"","meta":{"footnotes":""},"class_list":["post-86","page","type-page","status-publish","hentry"],"yoast_head":"<!-- This site is optimized with the Yoast SEO plugin v25.0 - https:\/\/yoast.com\/wordpress\/plugins\/seo\/ -->\n<title>Pol\u00edtica de Accesibilidad - Talinvers<\/title>\n<meta name=\"robots\" content=\"index, follow, max-snippet:-1, max-image-preview:large, max-video-preview:-1\" \/>\n<link rel=\"canonical\" href=\"https:\/\/talinvers.com\/index.php\/politica-de-accesibilidad\/\" \/>\n<meta property=\"og:locale\" content=\"es_ES\" \/>\n<meta property=\"og:type\" content=\"article\" \/>\n<meta property=\"og:title\" content=\"Pol\u00edtica de Accesibilidad - Talinvers\" \/>\n<meta property=\"og:description\" content=\"La empresa TALINVERS se ha comprometido a hacer accesible su sitio web de conformidad con el Real Decreto 1112\/2018, de 7 de septiembre, sobre accesibilidad de los sitios web y aplicaciones para dispositivos m\u00f3viles del sector p\u00fablico, o desarrollos financiados desde Europa. La presente declaraci\u00f3n de accesibilidad se aplica al sitio web https:\/\/talinvers.es excluyendo los [&hellip;]\" \/>\n<meta property=\"og:url\" content=\"https:\/\/talinvers.com\/index.php\/politica-de-accesibilidad\/\" \/>\n<meta property=\"og:site_name\" content=\"Talinvers\" \/>\n<meta property=\"article:modified_time\" content=\"2024-04-25T10:58:17+00:00\" \/>\n<meta name=\"twitter:card\" content=\"summary_large_image\" \/>\n<meta name=\"twitter:label1\" content=\"Tiempo de lectura\" \/>\n\t<meta name=\"twitter:data1\" content=\"2 minutos\" \/>\n<script type=\"application\/ld+json\" class=\"yoast-schema-graph\">{\"@context\":\"https:\/\/schema.org\",\"@graph\":[{\"@type\":\"WebPage\",\"@id\":\"https:\/\/talinvers.com\/index.php\/politica-de-accesibilidad\/\",\"url\":\"https:\/\/talinvers.com\/index.php\/politica-de-accesibilidad\/\",\"name\":\"Pol\u00edtica de Accesibilidad - Talinvers\",\"isPartOf\":{\"@id\":\"https:\/\/talinvers.com\/#website\"},\"datePublished\":\"2024-04-25T10:54:25+00:00\",\"dateModified\":\"2024-04-25T10:58:17+00:00\",\"breadcrumb\":{\"@id\":\"https:\/\/talinvers.com\/index.php\/politica-de-accesibilidad\/#breadcrumb\"},\"inLanguage\":\"es\",\"potentialAction\":[{\"@type\":\"ReadAction\",\"target\":[\"https:\/\/talinvers.com\/index.php\/politica-de-accesibilidad\/\"]}]},{\"@type\":\"BreadcrumbList\",\"@id\":\"https:\/\/talinvers.com\/index.php\/politica-de-accesibilidad\/#breadcrumb\",\"itemListElement\":[{\"@type\":\"ListItem\",\"position\":1,\"name\":\"Portada\",\"item\":\"https:\/\/talinvers.com\/\"},{\"@type\":\"ListItem\",\"position\":2,\"name\":\"Pol\u00edtica de Accesibilidad\"}]},{\"@type\":\"WebSite\",\"@id\":\"https:\/\/talinvers.com\/#website\",\"url\":\"https:\/\/talinvers.com\/\",\"name\":\"Talinvers\",\"description\":\"\",\"publisher\":{\"@id\":\"https:\/\/talinvers.com\/#organization\"},\"potentialAction\":[{\"@type\":\"SearchAction\",\"target\":{\"@type\":\"EntryPoint\",\"urlTemplate\":\"https:\/\/talinvers.com\/?s={search_term_string}\"},\"query-input\":{\"@type\":\"PropertyValueSpecification\",\"valueRequired\":true,\"valueName\":\"search_term_string\"}}],\"inLanguage\":\"es\"},{\"@type\":\"Organization\",\"@id\":\"https:\/\/talinvers.com\/#organization\",\"name\":\"Talinvers\",\"url\":\"https:\/\/talinvers.com\/\",\"logo\":{\"@type\":\"ImageObject\",\"inLanguage\":\"es\",\"@id\":\"https:\/\/talinvers.com\/#\/schema\/logo\/image\/\",\"url\":\"https:\/\/talinvers.com\/wp-content\/uploads\/2023\/11\/Imagen-de-WhatsApp-2023-11-16-a-las-15.45.44_a3b8438b.jpg\",\"contentUrl\":\"https:\/\/talinvers.com\/wp-content\/uploads\/2023\/11\/Imagen-de-WhatsApp-2023-11-16-a-las-15.45.44_a3b8438b.jpg\",\"width\":1600,\"height\":781,\"caption\":\"Talinvers\"},\"image\":{\"@id\":\"https:\/\/talinvers.com\/#\/schema\/logo\/image\/\"}}]}<\/script>\n<!-- \/ Yoast SEO plugin. -->","yoast_head_json":{"title":"Pol\u00edtica de Accesibilidad - Talinvers","robots":{"index":"index","follow":"follow","max-snippet":"max-snippet:-1","max-image-preview":"max-image-preview:large","max-video-preview":"max-video-preview:-1"},"canonical":"https:\/\/talinvers.com\/index.php\/politica-de-accesibilidad\/","og_locale":"es_ES","og_type":"article","og_title":"Pol\u00edtica de Accesibilidad - Talinvers","og_description":"La empresa TALINVERS se ha comprometido a hacer accesible su sitio web de conformidad con el Real Decreto 1112\/2018, de 7 de septiembre, sobre accesibilidad de los sitios web y aplicaciones para dispositivos m\u00f3viles del sector p\u00fablico, o desarrollos financiados desde Europa. La presente declaraci\u00f3n de accesibilidad se aplica al sitio web https:\/\/talinvers.es excluyendo los [&hellip;]","og_url":"https:\/\/talinvers.com\/index.php\/politica-de-accesibilidad\/","og_site_name":"Talinvers","article_modified_time":"2024-04-25T10:58:17+00:00","twitter_card":"summary_large_image","twitter_misc":{"Tiempo de lectura":"2 minutos"},"schema":{"@context":"https:\/\/schema.org","@graph":[{"@type":"WebPage","@id":"https:\/\/talinvers.com\/index.php\/politica-de-accesibilidad\/","url":"https:\/\/talinvers.com\/index.php\/politica-de-accesibilidad\/","name":"Pol\u00edtica de Accesibilidad - Talinvers","isPartOf":{"@id":"https:\/\/talinvers.com\/#website"},"datePublished":"2024-04-25T10:54:25+00:00","dateModified":"2024-04-25T10:58:17+00:00","breadcrumb":{"@id":"https:\/\/talinvers.com\/index.php\/politica-de-accesibilidad\/#breadcrumb"},"inLanguage":"es","potentialAction":[{"@type":"ReadAction","target":["https:\/\/talinvers.com\/index.php\/politica-de-accesibilidad\/"]}]},{"@type":"BreadcrumbList","@id":"https:\/\/talinvers.com\/index.php\/politica-de-accesibilidad\/#breadcrumb","itemListElement":[{"@type":"ListItem","position":1,"name":"Portada","item":"https:\/\/talinvers.com\/"},{"@type":"ListItem","position":2,"name":"Pol\u00edtica de Accesibilidad"}]},{"@type":"WebSite","@id":"https:\/\/talinvers.com\/#website","url":"https:\/\/talinvers.com\/","name":"Talinvers","description":"","publisher":{"@id":"https:\/\/talinvers.com\/#organization"},"potentialAction":[{"@type":"SearchAction","target":{"@type":"EntryPoint","urlTemplate":"https:\/\/talinvers.com\/?s={search_term_string}"},"query-input":{"@type":"PropertyValueSpecification","valueRequired":true,"valueName":"search_term_string"}}],"inLanguage":"es"},{"@type":"Organization","@id":"https:\/\/talinvers.com\/#organization","name":"Talinvers","url":"https:\/\/talinvers.com\/","logo":{"@type":"ImageObject","inLanguage":"es","@id":"https:\/\/talinvers.com\/#\/schema\/logo\/image\/","url":"https:\/\/talinvers.com\/wp-content\/uploads\/2023\/11\/Imagen-de-WhatsApp-2023-11-16-a-las-15.45.44_a3b8438b.jpg","contentUrl":"https:\/\/talinvers.com\/wp-content\/uploads\/2023\/11\/Imagen-de-WhatsApp-2023-11-16-a-las-15.45.44_a3b8438b.jpg","width":1600,"height":781,"caption":"Talinvers"},"image":{"@id":"https:\/\/talinvers.com\/#\/schema\/logo\/image\/"}}]}},"_links":{"self":[{"href":"https:\/\/talinvers.com\/index.php\/wp-json\/wp\/v2\/pages\/86","targetHints":{"allow":["GET"]}}],"collection":[{"href":"https:\/\/talinvers.com\/index.php\/wp-json\/wp\/v2\/pages"}],"about":[{"href":"https:\/\/talinvers.com\/index.php\/wp-json\/wp\/v2\/types\/page"}],"author":[{"embeddable":true,"href":"https:\/\/talinvers.com\/index.php\/wp-json\/wp\/v2\/users\/1"}],"replies":[{"embeddable":true,"href":"https:\/\/talinvers.com\/index.php\/wp-json\/wp\/v2\/comments?post=86"}],"version-history":[{"count":4,"href":"https:\/\/talinvers.com\/index.php\/wp-json\/wp\/v2\/pages\/86\/revisions"}],"predecessor-version":[{"id":90,"href":"https:\/\/talinvers.com\/index.php\/wp-json\/wp\/v2\/pages\/86\/revisions\/90"}],"wp:attachment":[{"href":"https:\/\/talinvers.com\/index.php\/wp-json\/wp\/v2\/media?parent=86"}],"curies":[{"name":"wp","href":"https:\/\/api.w.org\/{rel}","templated":true}]}}